{"id":88603,"date":"2022-06-02T09:17:38","date_gmt":"2022-06-02T07:17:38","guid":{"rendered":"https:\/\/unm.fr\/personal-data-management-policy\/"},"modified":"2025-06-18T18:59:38","modified_gmt":"2025-06-18T16:59:38","slug":"personal-data-management-policy","status":"publish","type":"page","link":"https:\/\/unm.fr\/en\/personal-data-management-policy\/","title":{"rendered":"Personal Data Management Policy"},"content":{"rendered":"\t\t<div data-elementor-type=\"wp-page\" data-elementor-id=\"88603\" class=\"elementor elementor-88603 elementor-3\" data-elementor-post-type=\"page\">\n\t\t\t\t<div class=\"elementor-element elementor-element-b51406b e-flex e-con-boxed e-con e-parent\" data-id=\"b51406b\" data-element_type=\"container\" data-e-type=\"container\" data-settings=\"{&quot;jet_parallax_layout_list&quot;:[]}\">\n\t\t\t\t\t<div class=\"e-con-inner\">\n\t\t<div class=\"elementor-element elementor-element-0c5a1d2 e-con-full e-flex e-con e-child\" data-id=\"0c5a1d2\" data-element_type=\"container\" data-e-type=\"container\" data-settings=\"{&quot;jet_parallax_layout_list&quot;:[]}\">\n\t\t\t\t<div class=\"elementor-element elementor-element-acf5c02 elementor-widget elementor-widget-jet-breadcrumbs\" data-id=\"acf5c02\" data-element_type=\"widget\" data-e-type=\"widget\" data-widget_type=\"jet-breadcrumbs.default\">\n\t\t\t\t<div class=\"elementor-widget-container\">\n\t\t\t\t\t<div class=\"elementor-jet-breadcrumbs jet-blocks\">\n\t\t<div class=\"jet-breadcrumbs\">\n\t\t<div class=\"jet-breadcrumbs__content\">\n\t\t<div class=\"jet-breadcrumbs__wrap\"><div class=\"jet-breadcrumbs__item\"><a href=\"https:\/\/unm.fr\/en\/\" class=\"jet-breadcrumbs__item-link is-home\" rel=\"home\" title=\"Home\">Home<\/a><\/div>\n\t\t<\/div>\n\t\t<\/div>\n\t\t<\/div><\/div>\t\t\t\t<\/div>\n\t\t\t\t<\/div>\n\t\t\t\t<div class=\"elementor-element elementor-element-1f5d657 elementor-widget elementor-widget-heading\" data-id=\"1f5d657\" data-element_type=\"widget\" data-e-type=\"widget\" data-widget_type=\"heading.default\">\n\t\t\t\t<div class=\"elementor-widget-container\">\n\t\t\t\t\t<h1 class=\"elementor-heading-title elementor-size-default\">Personal Data Management Policy<\/h1>\t\t\t\t<\/div>\n\t\t\t\t<\/div>\n\t\t\t\t<\/div>\n\t\t\t\t\t<\/div>\n\t\t\t\t<\/div>\n\t\t<div class=\"elementor-element elementor-element-b11d203 e-flex e-con-boxed e-con e-parent\" data-id=\"b11d203\" data-element_type=\"container\" data-e-type=\"container\" data-settings=\"{&quot;jet_parallax_layout_list&quot;:[]}\">\n\t\t\t\t\t<div class=\"e-con-inner\">\n\t\t\t\t<div class=\"elementor-element elementor-element-649f95a elementor-widget-divider--view-line elementor-widget elementor-widget-divider\" data-id=\"649f95a\" data-element_type=\"widget\" data-e-type=\"widget\" data-widget_type=\"divider.default\">\n\t\t\t\t<div class=\"elementor-widget-container\">\n\t\t\t\t\t\t\t<div class=\"elementor-divider\">\n\t\t\t<span class=\"elementor-divider-separator\">\n\t\t\t\t\t\t<\/span>\n\t\t<\/div>\n\t\t\t\t\t\t<\/div>\n\t\t\t\t<\/div>\n\t\t\t\t<div class=\"elementor-element elementor-element-177f4f1 elementor-widget elementor-widget-text-editor\" data-id=\"177f4f1\" data-element_type=\"widget\" data-e-type=\"widget\" data-widget_type=\"text-editor.default\">\n\t\t\t\t<div class=\"elementor-widget-container\">\n\t\t\t\t\t\t\t\t\t<p>In accordance with applicable regulations, and in particular pursuant to the General Data Protection Regulation (Regulation (EU) 2016\/679 of 27 April 2016, hereinafter &#8220;GDPR&#8221;), the Union de Normalisation de la M\u00e9canique (hereinafter referred to as &#8220;UNM&#8221;), whose registered office is located at 45 rue Louis Blanc, 92400 Courbevoie, acting as the data controller, undertakes to take all necessary measures to ensure the security and confidentiality of the personal data provided.<br><br><\/p><p>Les informations recueillies dans le formulaire d\u2019inscription \u00e0 la Newsletter ou \u00e0 un webinaire ou \u00e9v\u00e9nement de l\u2019UNM et le formulaire de contact sont enregistr\u00e9es dans un fichier informatis\u00e9 par l\u2019UNM. La base l\u00e9gale du traitement est le consentement de l\u2019utilisateur. <\/p><p><strong>What is the purpose of data processing?<\/strong> The processing is carried out for the following purposes: responding to inquiries submitted via the contact form, sending the newsletter to subscribers, organizing webinars and events, and managing prospecting activities.<\/p><p><strong>What personal data is collected and processed?<\/strong> The data collected includes the information entered into the forms (first name, last name, email address, organization, and phone number). Data marked with an asterisk in the forms are mandatory. Otherwise, the information will not be transmitted or stored by UNM, and therefore registration for a webinar, event, newsletter, or submission via the contact form will not be effective.  <\/p><p><strong>Who has access to the collected data?<\/strong> The data collected will be communicated to the UNM communications department. In order to manage its contacts, UNM may transmit this data to the Active Campaign, Zoom, Calendly and\/or Google subcontractors. <\/p><p><strong>How long is the data stored? <\/strong>The personal data collected is only stored for the time strictly necessary to fulfill the purpose for which it was submitted. It will be kept for the duration of the user\u2019s subscription to the selected UNM service.<br>For users not enrolled in a UNM standardization committee, data will be deleted three years after the last user-initiated contact or after unsubscribing from the newsletter without resubscription.<br>For users enrolled in a UNM standardization committee, data will be retained throughout their participation and up to 11 years after unsubscribing from all UNM standardization committees.   <\/p><p><strong>What are your rights and how to exercise them?<\/strong> You have the right to access, rectify, erase, or restrict the processing of your personal data. You may withdraw your consent to the processing of your data at any time.<br><br> <\/p><p>For any questions about data protection or to exercise your rights, you may contact the UNM\u2019s Data Protection Officer (DPO) at the following address: c.bourillon@unm.fr<br><br><\/p><p>Please consult the website cnil.fr for more information about your rights. In case of difficulty, you may file a complaint with the French data protection authority, the Commission Nationale de l\u2019Informatique et des Libert\u00e9s (CNIL).<br><br> <\/p>\t\t\t\t\t\t\t\t<\/div>\n\t\t\t\t<\/div>\n\t\t\t\t<div class=\"elementor-element elementor-element-c8568f5 elementor-widget-divider--view-line elementor-widget elementor-widget-divider\" data-id=\"c8568f5\" data-element_type=\"widget\" data-e-type=\"widget\" data-widget_type=\"divider.default\">\n\t\t\t\t<div class=\"elementor-widget-container\">\n\t\t\t\t\t\t\t<div class=\"elementor-divider\">\n\t\t\t<span class=\"elementor-divider-separator\">\n\t\t\t\t\t\t<\/span>\n\t\t<\/div>\n\t\t\t\t\t\t<\/div>\n\t\t\t\t<\/div>\n\t\t\t\t<div class=\"elementor-element elementor-element-73e24d1 elementor-widget elementor-widget-text-editor\" data-id=\"73e24d1\" data-element_type=\"widget\" data-e-type=\"widget\" data-widget_type=\"text-editor.default\">\n\t\t\t\t<div class=\"elementor-widget-container\">\n\t\t\t\t\t\t\t\t\t<p>To manage cookies and similar technologies (such as &#8220;tracking pixels&#8221;, &#8220;web beacons&#8221;, etc.) and their associated consents, we use the \u201cReal Cookie Banner\u201d consent management tool. Details on how \u201cReal Cookie Banner\u201d works can be found at: <a href=\"https:\/\/devowl.io\/rcb\/data-processing\/\" target=\"_blank\" rel=\"noopener noreferrer\">https:\/\/devowl.io\/rcb\/data-processing\/<\/a>.<br><br>  <\/p><p><span style=\"color: var( --e-global-color-c25fd25 ); font-size: 1rem;\">The legal basis for the processing of personal data in this context is Article 6(1)(c) GDPR and Article 6(1)(f) GDPR. Our legitimate interest lies in the administration of cookies and similar technologies and the associated consents.<br><br>     <\/span><\/p><p><span style=\"color: var( --e-global-color-c25fd25 ); font-size: 1rem;\">The provision of personal data is neither contractually required nor necessary for the conclusion of a contract. You are not obliged to provide personal data. However, if you do not provide such data, we will not be able to manage your consent preferences.  <\/span><\/p>\t\t\t\t\t\t\t\t<\/div>\n\t\t\t\t<\/div>\n\t\t\t\t\t<\/div>\n\t\t\t\t<\/div>\n\t\t\t\t<\/div>\n\t\t","protected":false},"excerpt":{"rendered":"<p>Accueil In accordance with applicable regulations, and in particular pursuant to the General Data Protection Regulation (Regulation (EU) 2016\/679 of 27 April 2016, hereinafter &#8220;GDPR&#8221;), the Union de Normalisation de la M\u00e9canique (hereinafter referred to as &#8220;UNM&#8221;), whose registered office is located at 45 rue Louis Blanc, 92400 Courbevoie, acting as the data controller, undertakes [&hellip;]<\/p>\n","protected":false},"author":1,"featured_media":0,"parent":0,"menu_order":0,"comment_status":"closed","ping_status":"open","template":"","meta":{"footnotes":""},"class_list":["post-88603","page","type-page","status-publish","hentry"],"_links":{"self":[{"href":"https:\/\/unm.fr\/en\/wp-json\/wp\/v2\/pages\/88603","targetHints":{"allow":["GET"]}}],"collection":[{"href":"https:\/\/unm.fr\/en\/wp-json\/wp\/v2\/pages"}],"about":[{"href":"https:\/\/unm.fr\/en\/wp-json\/wp\/v2\/types\/page"}],"author":[{"embeddable":true,"href":"https:\/\/unm.fr\/en\/wp-json\/wp\/v2\/users\/1"}],"replies":[{"embeddable":true,"href":"https:\/\/unm.fr\/en\/wp-json\/wp\/v2\/comments?post=88603"}],"version-history":[{"count":1,"href":"https:\/\/unm.fr\/en\/wp-json\/wp\/v2\/pages\/88603\/revisions"}],"predecessor-version":[{"id":88604,"href":"https:\/\/unm.fr\/en\/wp-json\/wp\/v2\/pages\/88603\/revisions\/88604"}],"wp:attachment":[{"href":"https:\/\/unm.fr\/en\/wp-json\/wp\/v2\/media?parent=88603"}],"curies":[{"name":"wp","href":"https:\/\/api.w.org\/{rel}","templated":true}]}}