{"id":64597,"date":"2023-05-09T09:16:37","date_gmt":"2023-05-09T07:16:37","guid":{"rendered":"https:\/\/unm.fr\/?page_id=64597"},"modified":"2023-07-13T14:13:44","modified_gmt":"2023-07-13T13:13:44","slug":"mecallians-the-french-mechanical-industries","status":"publish","type":"page","link":"https:\/\/unm.fr\/en\/mecallians-the-french-mechanical-industries\/","title":{"rendered":"Mecallians, the french mechanical industries"},"content":{"rendered":"\t\t<div data-elementor-type=\"wp-page\" data-elementor-id=\"64597\" class=\"elementor elementor-64597 elementor-61823\" data-elementor-post-type=\"page\">\n\t\t\t\t<div class=\"elementor-element elementor-element-1ae6e16 e-flex e-con-boxed e-con e-parent\" data-id=\"1ae6e16\" data-element_type=\"container\" data-e-type=\"container\" data-settings=\"{&quot;jet_parallax_layout_list&quot;:[]}\">\n\t\t\t\t\t<div class=\"e-con-inner\">\n\t\t<div class=\"elementor-element elementor-element-e42eeaf e-con-full e-flex e-con e-parent\" data-id=\"e42eeaf\" data-element_type=\"container\" data-e-type=\"container\" data-settings=\"{&quot;jet_parallax_layout_list&quot;:[]}\">\n\t\t\t\t<div class=\"elementor-element elementor-element-b994348 elementor-widget elementor-widget-jet-breadcrumbs\" data-id=\"b994348\" data-element_type=\"widget\" data-e-type=\"widget\" data-widget_type=\"jet-breadcrumbs.default\">\n\t\t\t\t<div class=\"elementor-widget-container\">\n\t\t\t\t\t<div class=\"elementor-jet-breadcrumbs jet-blocks\">\n\t\t<div class=\"jet-breadcrumbs\">\n\t\t<div class=\"jet-breadcrumbs__content\">\n\t\t<div class=\"jet-breadcrumbs__wrap\"><div class=\"jet-breadcrumbs__item\"><a href=\"https:\/\/unm.fr\/en\/\" class=\"jet-breadcrumbs__item-link is-home\" rel=\"home\" title=\"Home\">Home<\/a><\/div>\n\t\t<\/div>\n\t\t<\/div>\n\t\t<\/div><\/div>\t\t\t\t<\/div>\n\t\t\t\t<\/div>\n\t\t\t\t<div class=\"elementor-element elementor-element-36efe6d elementor-widget elementor-widget-heading\" data-id=\"36efe6d\" data-element_type=\"widget\" data-e-type=\"widget\" data-widget_type=\"heading.default\">\n\t\t\t\t<div class=\"elementor-widget-container\">\n\t\t\t\t\t<h1 class=\"elementor-heading-title elementor-size-default\">Mecallians, the french mechanical industries<\/h1>\t\t\t\t<\/div>\n\t\t\t\t<\/div>\n\t\t<div class=\"elementor-element elementor-element-161f453 e-flex e-con-boxed e-con e-parent\" data-id=\"161f453\" data-element_type=\"container\" data-e-type=\"container\" data-settings=\"{&quot;jet_parallax_layout_list&quot;:[]}\">\n\t\t\t\t\t<div class=\"e-con-inner\">\n\t\t<div class=\"elementor-element elementor-element-cc22fbd e-con-full e-flex e-con e-parent\" data-id=\"cc22fbd\" data-element_type=\"container\" data-e-type=\"container\" data-settings=\"{&quot;jet_parallax_layout_list&quot;:[]}\">\n\t\t\t\t<div class=\"elementor-element elementor-element-1835a58 elementor-widget elementor-widget-text-editor\" data-id=\"1835a58\" data-element_type=\"widget\" data-e-type=\"widget\" data-widget_type=\"text-editor.default\">\n\t\t\t\t<div class=\"elementor-widget-container\">\n\t\t\t\t\t\t\t\t\t<div><span lang=\"EN-GB\">Mechanics are all around us, it is the science that sets the world in motion. From the steam engine to digital and robotic technologies, mechanics has played a key role in every industrial revolution, shaping the way we live and helping us face the major challenges of our time. It is now up to us to get the gears turning<\/span><\/div>\t\t\t\t\t\t\t\t<\/div>\n\t\t\t\t<\/div>\n\t\t\t\t<\/div>\n\t\t\t\t\t<\/div>\n\t\t\t\t<\/div>\n\t\t<div class=\"elementor-element elementor-element-a162eae e-con-full e-flex e-con e-parent\" data-id=\"a162eae\" data-element_type=\"container\" data-e-type=\"container\" data-settings=\"{&quot;background_background&quot;:&quot;classic&quot;,&quot;jet_parallax_layout_list&quot;:[]}\">\n\t\t\t\t<div class=\"elementor-element elementor-element-38051d0 elementor-align-start elementor-icon-list--layout-traditional elementor-list-item-link-full_width elementor-widget elementor-widget-icon-list\" data-id=\"38051d0\" data-element_type=\"widget\" data-e-type=\"widget\" data-widget_type=\"icon-list.default\">\n\t\t\t\t<div class=\"elementor-widget-container\">\n\t\t\t\t\t\t\t<ul class=\"elementor-icon-list-items\">\n\t\t\t\t\t\t\t<li class=\"elementor-icon-list-item\">\n\t\t\t\t\t\t\t\t\t\t\t<a href=\"#A\">\n\n\t\t\t\t\t\t\t\t\t\t\t<span class=\"elementor-icon-list-text\">An alliance for the ages <\/span>\n\t\t\t\t\t\t\t\t\t\t\t<\/a>\n\t\t\t\t\t\t\t\t\t<\/li>\n\t\t\t\t\t\t\t\t<li class=\"elementor-icon-list-item\">\n\t\t\t\t\t\t\t\t\t\t\t<a href=\"#B\">\n\n\t\t\t\t\t\t\t\t\t\t\t<span class=\"elementor-icon-list-text\">A one of a kind partnership in France<\/span>\n\t\t\t\t\t\t\t\t\t\t\t<\/a>\n\t\t\t\t\t\t\t\t\t<\/li>\n\t\t\t\t\t\t<\/ul>\n\t\t\t\t\t\t<\/div>\n\t\t\t\t<\/div>\n\t\t\t\t<div class=\"elementor-element elementor-element-7b4e9dc elementor-widget elementor-widget-spacer\" data-id=\"7b4e9dc\" data-element_type=\"widget\" data-e-type=\"widget\" data-widget_type=\"spacer.default\">\n\t\t\t\t<div class=\"elementor-widget-container\">\n\t\t\t\t\t\t\t<div class=\"elementor-spacer\">\n\t\t\t<div class=\"elementor-spacer-inner\"><\/div>\n\t\t<\/div>\n\t\t\t\t\t\t<\/div>\n\t\t\t\t<\/div>\n\t\t\t\t<\/div>\n\t\t\t\t<\/div>\n\t\t\t\t\t<\/div>\n\t\t\t\t<\/div>\n\t\t<div class=\"elementor-element elementor-element-48fccb2 e-flex e-con-boxed e-con e-parent\" data-id=\"48fccb2\" data-element_type=\"container\" data-e-type=\"container\" data-settings=\"{&quot;jet_parallax_layout_list&quot;:[]}\">\n\t\t\t\t\t<div class=\"e-con-inner\">\n\t\t\t\t<div class=\"elementor-element elementor-element-25ad24c elementor-widget elementor-widget-image\" data-id=\"25ad24c\" data-element_type=\"widget\" data-e-type=\"widget\" data-widget_type=\"image.default\">\n\t\t\t\t<div class=\"elementor-widget-container\">\n\t\t\t\t\t\t\t\t\t\t\t\t\t\t\t<img fetchpriority=\"high\" decoding=\"async\" width=\"768\" height=\"87\" src=\"https:\/\/unm.fr\/wp-content\/uploads\/2023\/07\/Mecallians_logotype_RVB-768x87.png\" class=\"attachment-medium_large size-medium_large wp-image-65261\" alt=\"Mecallians logo\" srcset=\"https:\/\/unm.fr\/wp-content\/uploads\/2023\/07\/Mecallians_logotype_RVB-768x87.png 768w, https:\/\/unm.fr\/wp-content\/uploads\/2023\/07\/Mecallians_logotype_RVB-300x34.png 300w, https:\/\/unm.fr\/wp-content\/uploads\/2023\/07\/Mecallians_logotype_RVB-1024x117.png 1024w, https:\/\/unm.fr\/wp-content\/uploads\/2023\/07\/Mecallians_logotype_RVB-1536x175.png 1536w, https:\/\/unm.fr\/wp-content\/uploads\/2023\/07\/Mecallians_logotype_RVB-2048x233.png 2048w\" sizes=\"(max-width: 768px) 100vw, 768px\" \/>\t\t\t\t\t\t\t\t\t\t\t\t\t\t\t<\/div>\n\t\t\t\t<\/div>\n\t\t\t\t<div class=\"elementor-element elementor-element-1fcc876 elementor-widget elementor-widget-spacer\" data-id=\"1fcc876\" data-element_type=\"widget\" data-e-type=\"widget\" id=\"A\" data-widget_type=\"spacer.default\">\n\t\t\t\t<div class=\"elementor-widget-container\">\n\t\t\t\t\t\t\t<div class=\"elementor-spacer\">\n\t\t\t<div class=\"elementor-spacer-inner\"><\/div>\n\t\t<\/div>\n\t\t\t\t\t\t<\/div>\n\t\t\t\t<\/div>\n\t\t\t\t<div class=\"elementor-element elementor-element-0eb555c elementor-widget-divider--view-line elementor-widget elementor-widget-divider\" data-id=\"0eb555c\" data-element_type=\"widget\" data-e-type=\"widget\" data-widget_type=\"divider.default\">\n\t\t\t\t<div class=\"elementor-widget-container\">\n\t\t\t\t\t\t\t<div class=\"elementor-divider\">\n\t\t\t<span class=\"elementor-divider-separator\">\n\t\t\t\t\t\t<\/span>\n\t\t<\/div>\n\t\t\t\t\t\t<\/div>\n\t\t\t\t<\/div>\n\t\t\t\t<div class=\"elementor-element elementor-element-99d6b5b elementor-widget elementor-widget-heading\" data-id=\"99d6b5b\" data-element_type=\"widget\" data-e-type=\"widget\" data-widget_type=\"heading.default\">\n\t\t\t\t<div class=\"elementor-widget-container\">\n\t\t\t\t\t<h2 class=\"elementor-heading-title elementor-size-default\">An alliance for the ages <\/h2>\t\t\t\t<\/div>\n\t\t\t\t<\/div>\n\t\t<div class=\"elementor-element elementor-element-2678e36 e-flex e-con-boxed e-con e-parent\" data-id=\"2678e36\" data-element_type=\"container\" data-e-type=\"container\" data-settings=\"{&quot;jet_parallax_layout_list&quot;:[]}\">\n\t\t\t\t\t<div class=\"e-con-inner\">\n\t\t<div class=\"elementor-element elementor-element-00b9557 e-con-full e-flex e-con e-parent\" data-id=\"00b9557\" data-element_type=\"container\" data-e-type=\"container\" data-settings=\"{&quot;jet_parallax_layout_list&quot;:[]}\">\n\t\t\t\t<div class=\"elementor-element elementor-element-2e70041 elementor-widget elementor-widget-text-editor\" data-id=\"2e70041\" data-element_type=\"widget\" data-e-type=\"widget\" data-widget_type=\"text-editor.default\">\n\t\t\t\t<div class=\"elementor-widget-container\">\n\t\t\t\t\t\t\t\t\t<p style=\"font-weight: 400;\">In March 2023, the French Federation\u00a0of\u00a0Mechanical Industries, FIM (<em>F\u00e9d\u00e9ration des Industries M\u00e9caniques), <\/em>the Technical Centre for Mechanical Industry, Cetim (<em>Centre Technique des Industries M\u00e9caniques<\/em>), and the\u00a0 French sectorial standardization office for mechanical engineering, UNM (<em>Union de Normalisation de la M\u00e9canique)<\/em>\u00a0joined forces to create Mecallians, a common banner designed to increase the scope of their actions, by representing our manufacturers at all levels and giving them the opportunity to innovate better and more, by developing new standards to better protect them, and appealing to a general audience for whom mechanics remains a mystery, and by enlightening them on the industrial solutions that are essential to the ecological bifurcation of our societies.<\/p><p style=\"font-weight: 400;\">Each in his own field, with his own expertise, experience and network, will strengthen the voice of the industrial mechanical community with a common goal:\u00a0 make French industry a success and promote it for what it is: a formidable tool for competitiveness and sovereignty, a solution to the challenges of today and tomorrow.<\/p>\t\t\t\t\t\t\t\t<\/div>\n\t\t\t\t<\/div>\n\t\t\t\t<div class=\"elementor-element elementor-element-671c77b elementor-align-left elementor-widget elementor-widget-button\" data-id=\"671c77b\" data-element_type=\"widget\" data-e-type=\"widget\" data-widget_type=\"button.default\">\n\t\t\t\t<div class=\"elementor-widget-container\">\n\t\t\t\t\t\t\t\t\t<div class=\"elementor-button-wrapper\">\n\t\t\t\t\t<a class=\"elementor-button elementor-button-link elementor-size-sm\" href=\"https:\/\/unm.fr\/en\/the-unm-ecosystem\/\">\n\t\t\t\t\t\t<span class=\"elementor-button-content-wrapper\">\n\t\t\t\t\t\t<span class=\"elementor-button-icon\">\n\t\t\t\t<svg aria-hidden=\"true\" class=\"e-font-icon-svg e-fas-link\" viewBox=\"0 0 512 512\" xmlns=\"http:\/\/www.w3.org\/2000\/svg\"><path d=\"M326.612 185.391c59.747 59.809 58.927 155.698.36 214.59-.11.12-.24.25-.36.37l-67.2 67.2c-59.27 59.27-155.699 59.262-214.96 0-59.27-59.26-59.27-155.7 0-214.96l37.106-37.106c9.84-9.84 26.786-3.3 27.294 10.606.648 17.722 3.826 35.527 9.69 52.721 1.986 5.822.567 12.262-3.783 16.612l-13.087 13.087c-28.026 28.026-28.905 73.66-1.155 101.96 28.024 28.579 74.086 28.749 102.325.51l67.2-67.19c28.191-28.191 28.073-73.757 0-101.83-3.701-3.694-7.429-6.564-10.341-8.569a16.037 16.037 0 0 1-6.947-12.606c-.396-10.567 3.348-21.456 11.698-29.806l21.054-21.055c5.521-5.521 14.182-6.199 20.584-1.731a152.482 152.482 0 0 1 20.522 17.197zM467.547 44.449c-59.261-59.262-155.69-59.27-214.96 0l-67.2 67.2c-.12.12-.25.25-.36.37-58.566 58.892-59.387 154.781.36 214.59a152.454 152.454 0 0 0 20.521 17.196c6.402 4.468 15.064 3.789 20.584-1.731l21.054-21.055c8.35-8.35 12.094-19.239 11.698-29.806a16.037 16.037 0 0 0-6.947-12.606c-2.912-2.005-6.64-4.875-10.341-8.569-28.073-28.073-28.191-73.639 0-101.83l67.2-67.19c28.239-28.239 74.3-28.069 102.325.51 27.75 28.3 26.872 73.934-1.155 101.96l-13.087 13.087c-4.35 4.35-5.769 10.79-3.783 16.612 5.864 17.194 9.042 34.999 9.69 52.721.509 13.906 17.454 20.446 27.294 10.606l37.106-37.106c59.271-59.259 59.271-155.699.001-214.959z\"><\/path><\/svg>\t\t\t<\/span>\n\t\t\t\t\t\t\t\t\t<span class=\"elementor-button-text\">UNM in its ecosystem<\/span>\n\t\t\t\t\t<\/span>\n\t\t\t\t\t<\/a>\n\t\t\t\t<\/div>\n\t\t\t\t\t\t\t\t<\/div>\n\t\t\t\t<\/div>\n\t\t\t\t<\/div>\n\t\t<div class=\"elementor-element elementor-element-e9a4fb8 e-con-full e-flex e-con e-parent\" data-id=\"e9a4fb8\" data-element_type=\"container\" data-e-type=\"container\" data-settings=\"{&quot;jet_parallax_layout_list&quot;:[]}\">\n\t\t\t\t<div class=\"elementor-element elementor-element-da858c3 elementor-widget elementor-widget-image\" data-id=\"da858c3\" data-element_type=\"widget\" data-e-type=\"widget\" data-widget_type=\"image.default\">\n\t\t\t\t<div class=\"elementor-widget-container\">\n\t\t\t\t\t\t\t\t\t\t\t\t<figure class=\"wp-caption\">\n\t\t\t\t\t\t\t\t\t\t<img decoding=\"async\" width=\"640\" height=\"480\" src=\"https:\/\/unm.fr\/wp-content\/uploads\/2023\/05\/1X_Naissance-de-Mecallians_Presidents.jpeg\" class=\"attachment-full size-full wp-image-61843\" alt=\"Mecallians\" srcset=\"https:\/\/unm.fr\/wp-content\/uploads\/2023\/05\/1X_Naissance-de-Mecallians_Presidents.jpeg 640w, https:\/\/unm.fr\/wp-content\/uploads\/2023\/05\/1X_Naissance-de-Mecallians_Presidents-300x225.jpeg 300w\" sizes=\"(max-width: 640px) 100vw, 640px\" \/>\t\t\t\t\t\t\t\t\t\t\t<figcaption class=\"widget-image-caption wp-caption-text\">Denis SCHNOEBELEN, Pr\u00e9sident de l'UNM, Henri MOREL, Pr\u00e9sident de la FIM et Carole GRATZMULLER, Pr\u00e9sidente du CETIM<\/figcaption>\n\t\t\t\t\t\t\t\t\t\t<\/figure>\n\t\t\t\t\t\t\t\t\t<\/div>\n\t\t\t\t<\/div>\n\t\t\t\t<\/div>\n\t\t\t\t\t<\/div>\n\t\t\t\t<\/div>\n\t\t\t\t<div class=\"elementor-element elementor-element-4990b6f elementor-widget elementor-widget-spacer\" data-id=\"4990b6f\" data-element_type=\"widget\" data-e-type=\"widget\" id=\"B\" data-widget_type=\"spacer.default\">\n\t\t\t\t<div class=\"elementor-widget-container\">\n\t\t\t\t\t\t\t<div class=\"elementor-spacer\">\n\t\t\t<div class=\"elementor-spacer-inner\"><\/div>\n\t\t<\/div>\n\t\t\t\t\t\t<\/div>\n\t\t\t\t<\/div>\n\t\t\t\t<div class=\"elementor-element elementor-element-fd5778d elementor-widget-divider--view-line elementor-widget elementor-widget-divider\" data-id=\"fd5778d\" data-element_type=\"widget\" data-e-type=\"widget\" data-widget_type=\"divider.default\">\n\t\t\t\t<div class=\"elementor-widget-container\">\n\t\t\t\t\t\t\t<div class=\"elementor-divider\">\n\t\t\t<span class=\"elementor-divider-separator\">\n\t\t\t\t\t\t<\/span>\n\t\t<\/div>\n\t\t\t\t\t\t<\/div>\n\t\t\t\t<\/div>\n\t\t\t\t<div class=\"elementor-element elementor-element-1af1f55 elementor-widget elementor-widget-heading\" data-id=\"1af1f55\" data-element_type=\"widget\" data-e-type=\"widget\" data-widget_type=\"heading.default\">\n\t\t\t\t<div class=\"elementor-widget-container\">\n\t\t\t\t\t<h3 class=\"elementor-heading-title elementor-size-default\">A one of a kind partnership in France<\/h3>\t\t\t\t<\/div>\n\t\t\t\t<\/div>\n\t\t<div class=\"elementor-element elementor-element-6cc3ff1 e-flex e-con-boxed e-con e-parent\" data-id=\"6cc3ff1\" data-element_type=\"container\" data-e-type=\"container\" data-settings=\"{&quot;jet_parallax_layout_list&quot;:[]}\">\n\t\t\t\t\t<div class=\"e-con-inner\">\n\t\t<div class=\"elementor-element elementor-element-07b03ce e-con-full e-flex e-con e-parent\" data-id=\"07b03ce\" data-element_type=\"container\" data-e-type=\"container\" data-settings=\"{&quot;jet_parallax_layout_list&quot;:[]}\">\n\t\t\t\t<div class=\"elementor-element elementor-element-4cbcae4 elementor-widget elementor-widget-image\" data-id=\"4cbcae4\" data-element_type=\"widget\" data-e-type=\"widget\" data-widget_type=\"image.default\">\n\t\t\t\t<div class=\"elementor-widget-container\">\n\t\t\t\t\t\t\t\t\t\t\t\t\t\t\t<img decoding=\"async\" width=\"1116\" height=\"1514\" src=\"https:\/\/unm.fr\/wp-content\/uploads\/2023\/05\/mecallians-min.jpg\" class=\"attachment-full size-full wp-image-61853\" alt=\"Mecallians\" srcset=\"https:\/\/unm.fr\/wp-content\/uploads\/2023\/05\/mecallians-min.jpg 1116w, https:\/\/unm.fr\/wp-content\/uploads\/2023\/05\/mecallians-min-221x300.jpg 221w, https:\/\/unm.fr\/wp-content\/uploads\/2023\/05\/mecallians-min-755x1024.jpg 755w, https:\/\/unm.fr\/wp-content\/uploads\/2023\/05\/mecallians-min-768x1042.jpg 768w\" sizes=\"(max-width: 1116px) 100vw, 1116px\" \/>\t\t\t\t\t\t\t\t\t\t\t\t\t\t\t<\/div>\n\t\t\t\t<\/div>\n\t\t\t\t<\/div>\n\t\t<div class=\"elementor-element elementor-element-da27792 e-con-full e-flex e-con e-parent\" data-id=\"da27792\" data-element_type=\"container\" data-e-type=\"container\" data-settings=\"{&quot;jet_parallax_layout_list&quot;:[]}\">\n\t\t\t\t<div class=\"elementor-element elementor-element-d2d9a08 elementor-widget elementor-widget-text-editor\" data-id=\"d2d9a08\" data-element_type=\"widget\" data-e-type=\"widget\" data-widget_type=\"text-editor.default\">\n\t\t\t\t<div class=\"elementor-widget-container\">\n\t\t\t\t\t\t\t\t\t<p style=\"font-weight: 400;\">Bringing together a federation, its technical centre and its standardisation office under a single banner is unprecedented in France.<\/p><p>\u00ab<span lang=\"EN-GB\">In the development of our societies, in the march of human progress, mechanics has always played a decisive role. Just like the engine, which transformed transportation forever, mechanics are the engine that sets the world in motion. At the heart of every industrial revolution, from the steam engine, through robotics, to digital technology and interconnectivity, it has enabled the development of industry and shaped our way of life. This common banner must enable us to create new conditions, solutions and standards for a better future<\/span> \u00bb<br \/><i>Henri Morel, Chairman of FIM<\/i><\/p><p>\u00ab<span lang=\"EN-GB\">By creating Mecallians, we are providing the impetus needed to create a virtuous dynamic that will accelerate the transformation of SMEs and innovation, guarantee the quality and strengthen the influence of an industry that is proud to be part of the solution<\/span> \u00bb<br \/><i>Carole Gratzmuller, <\/i><em><span lang=\"EN-GB\">Chairwoman of<\/span><\/em><i> Cetim<\/i><\/p><p>\u00ab<span lang=\"EN-GB\">This common banner can increase the scope of our actions, by representing our manufacturers at all levels and giving them the opportunity to innovate better and more, developing new standards to better support them in their development, and by appealling to a general audience for whom mechanics remains a mystery, and by enlightening them on the industrial solutions that are essential to the ecological bifurcation of our societies<\/span>\u00bb<br \/><i>Denis Schnoebelen, Chairman of l\u2019UNM<\/i><\/p>\t\t\t\t\t\t\t\t<\/div>\n\t\t\t\t<\/div>\n\t\t\t\t<div class=\"elementor-element elementor-element-94f6683 elementor-widget elementor-widget-video\" data-id=\"94f6683\" data-element_type=\"widget\" data-e-type=\"widget\" data-settings=\"{&quot;youtube_url&quot;:&quot;https:\\\/\\\/www.youtube.com\\\/watch?v=bxV7iuHe5Xs&quot;,&quot;yt_privacy&quot;:&quot;yes&quot;,&quot;lazy_load&quot;:&quot;yes&quot;,&quot;video_type&quot;:&quot;youtube&quot;,&quot;controls&quot;:&quot;yes&quot;}\" data-widget_type=\"video.default\">\n\t\t\t\t<div class=\"elementor-widget-container\">\n\t\t\t\t\t\t\t<div class=\"elementor-wrapper elementor-open-inline\">\n\t\t\t<div class=\"elementor-video\"><\/div>\t\t<\/div>\n\t\t\t\t\t\t<\/div>\n\t\t\t\t<\/div>\n\t\t\t\t<\/div>\n\t\t\t\t\t<\/div>\n\t\t\t\t<\/div>\n\t\t<div class=\"elementor-element elementor-element-5205902 e-flex e-con-boxed e-con e-parent\" data-id=\"5205902\" data-element_type=\"container\" data-e-type=\"container\" data-settings=\"{&quot;jet_parallax_layout_list&quot;:[]}\">\n\t\t\t\t\t<div class=\"e-con-inner\">\n\t\t<div class=\"elementor-element elementor-element-56de052 e-con-full e-flex e-con e-parent\" data-id=\"56de052\" data-element_type=\"container\" data-e-type=\"container\" data-settings=\"{&quot;jet_parallax_layout_list&quot;:[]}\">\n\t\t\t\t<div class=\"elementor-element elementor-element-1c872e3 elementor-widget elementor-widget-spacer\" data-id=\"1c872e3\" data-element_type=\"widget\" data-e-type=\"widget\" data-widget_type=\"spacer.default\">\n\t\t\t\t<div class=\"elementor-widget-container\">\n\t\t\t\t\t\t\t<div class=\"elementor-spacer\">\n\t\t\t<div class=\"elementor-spacer-inner\"><\/div>\n\t\t<\/div>\n\t\t\t\t\t\t<\/div>\n\t\t\t\t<\/div>\n\t\t\t\t<\/div>\n\t\t\t\t\t<\/div>\n\t\t\t\t<\/div>\n\t\t\t\t\t<\/div>\n\t\t\t\t<\/div>\n\t\t\t\t<\/div>\n\t\t","protected":false},"excerpt":{"rendered":"<p>Accueil Mecallians, the french mechanical industries Mechanics are all around us, it is the science that sets the world in motion. From the steam engine to digital and robotic technologies, mechanics has played a key role in every industrial revolution, shaping the way we live and helping us face the major challenges of our time. [&hellip;]<\/p>\n","protected":false},"author":1,"featured_media":0,"parent":0,"menu_order":0,"comment_status":"closed","ping_status":"closed","template":"","meta":{"footnotes":""},"class_list":["post-64597","page","type-page","status-publish","hentry"],"_links":{"self":[{"href":"https:\/\/unm.fr\/en\/wp-json\/wp\/v2\/pages\/64597","targetHints":{"allow":["GET"]}}],"collection":[{"href":"https:\/\/unm.fr\/en\/wp-json\/wp\/v2\/pages"}],"about":[{"href":"https:\/\/unm.fr\/en\/wp-json\/wp\/v2\/types\/page"}],"author":[{"embeddable":true,"href":"https:\/\/unm.fr\/en\/wp-json\/wp\/v2\/users\/1"}],"replies":[{"embeddable":true,"href":"https:\/\/unm.fr\/en\/wp-json\/wp\/v2\/comments?post=64597"}],"version-history":[{"count":46,"href":"https:\/\/unm.fr\/en\/wp-json\/wp\/v2\/pages\/64597\/revisions"}],"predecessor-version":[{"id":65488,"href":"https:\/\/unm.fr\/en\/wp-json\/wp\/v2\/pages\/64597\/revisions\/65488"}],"wp:attachment":[{"href":"https:\/\/unm.fr\/en\/wp-json\/wp\/v2\/media?parent=64597"}],"curies":[{"name":"wp","href":"https:\/\/api.w.org\/{rel}","templated":true}]}}